{"id":120,"date":"2026-01-10T12:46:18","date_gmt":"2026-01-10T12:46:18","guid":{"rendered":"https:\/\/domuscirle.fi\/?page_id=120"},"modified":"2026-01-10T23:15:35","modified_gmt":"2026-01-10T23:15:35","slug":"kuvagalleria","status":"publish","type":"page","link":"https:\/\/domuscirle.fi\/?page_id=120","title":{"rendered":"Kuvagalleria tehdyist\u00e4 t\u00f6ist\u00e4"},"content":{"rendered":"\n<h2 class=\"wp-block-heading has-text-align-center has-text-color has-link-color wp-elements-e9a66274b75928a1c50249c3c92f7976\" style=\"color:#d4af37\">Galleria<\/h2>\n\n\n\n<figure class=\"wp-block-gallery has-nested-images columns-default is-cropped wp-block-gallery-1 is-layout-flex wp-block-gallery-is-layout-flex\">\n<figure class=\"wp-block-image size-large\"><img loading=\"lazy\" decoding=\"async\" width=\"683\" height=\"1024\" data-id=\"123\" src=\"https:\/\/domuscirle.fi\/wp-content\/uploads\/2026\/01\/Seina-683x1024.png\" alt=\"\" class=\"wp-image-123\" srcset=\"https:\/\/domuscirle.fi\/wp-content\/uploads\/2026\/01\/Seina-683x1024.png 683w, https:\/\/domuscirle.fi\/wp-content\/uploads\/2026\/01\/Seina-200x300.png 200w, https:\/\/domuscirle.fi\/wp-content\/uploads\/2026\/01\/Seina-768x1152.png 768w, https:\/\/domuscirle.fi\/wp-content\/uploads\/2026\/01\/Seina.png 1024w\" sizes=\"auto, (max-width: 683px) 100vw, 683px\" \/><\/figure>\n\n\n\n<figure class=\"wp-block-image size-large\"><img loading=\"lazy\" decoding=\"async\" width=\"683\" height=\"1024\" data-id=\"128\" src=\"https:\/\/domuscirle.fi\/wp-content\/uploads\/2026\/01\/Fix-the-image-of-a-m-683x1024.png\" alt=\"\" class=\"wp-image-128\" srcset=\"https:\/\/domuscirle.fi\/wp-content\/uploads\/2026\/01\/Fix-the-image-of-a-m-683x1024.png 683w, https:\/\/domuscirle.fi\/wp-content\/uploads\/2026\/01\/Fix-the-image-of-a-m-200x300.png 200w, https:\/\/domuscirle.fi\/wp-content\/uploads\/2026\/01\/Fix-the-image-of-a-m-768x1152.png 768w, https:\/\/domuscirle.fi\/wp-content\/uploads\/2026\/01\/Fix-the-image-of-a-m.png 1024w\" sizes=\"auto, (max-width: 683px) 100vw, 683px\" \/><\/figure>\n<\/figure>\n\n\n\n<figure class=\"wp-block-gallery has-nested-images columns-default is-cropped wp-block-gallery-2 is-layout-flex wp-block-gallery-is-layout-flex\">\n<figure class=\"wp-block-image size-large\"><img loading=\"lazy\" decoding=\"async\" width=\"683\" height=\"1024\" data-id=\"129\" src=\"https:\/\/domuscirle.fi\/wp-content\/uploads\/2026\/01\/Enhance-the-image-of-683x1024.png\" alt=\"\" class=\"wp-image-129\" srcset=\"https:\/\/domuscirle.fi\/wp-content\/uploads\/2026\/01\/Enhance-the-image-of-683x1024.png 683w, https:\/\/domuscirle.fi\/wp-content\/uploads\/2026\/01\/Enhance-the-image-of-200x300.png 200w, https:\/\/domuscirle.fi\/wp-content\/uploads\/2026\/01\/Enhance-the-image-of-768x1152.png 768w, https:\/\/domuscirle.fi\/wp-content\/uploads\/2026\/01\/Enhance-the-image-of.png 1024w\" sizes=\"auto, (max-width: 683px) 100vw, 683px\" \/><\/figure>\n<\/figure>\n\n\n\n<figure class=\"wp-block-gallery has-nested-images columns-default is-cropped wp-block-gallery-3 is-layout-flex wp-block-gallery-is-layout-flex\">\n<figure class=\"wp-block-image size-large\"><img loading=\"lazy\" decoding=\"async\" width=\"683\" height=\"1024\" data-id=\"133\" src=\"https:\/\/domuscirle.fi\/wp-content\/uploads\/2026\/01\/kaappi-683x1024.png\" alt=\"\" class=\"wp-image-133\" srcset=\"https:\/\/domuscirle.fi\/wp-content\/uploads\/2026\/01\/kaappi-683x1024.png 683w, https:\/\/domuscirle.fi\/wp-content\/uploads\/2026\/01\/kaappi-200x300.png 200w, https:\/\/domuscirle.fi\/wp-content\/uploads\/2026\/01\/kaappi-768x1152.png 768w, https:\/\/domuscirle.fi\/wp-content\/uploads\/2026\/01\/kaappi.png 1024w\" sizes=\"auto, (max-width: 683px) 100vw, 683px\" \/><\/figure>\n\n\n\n<figure class=\"wp-block-image size-large\"><img loading=\"lazy\" decoding=\"async\" width=\"683\" height=\"1024\" data-id=\"132\" src=\"https:\/\/domuscirle.fi\/wp-content\/uploads\/2026\/01\/kaappi-2-683x1024.png\" alt=\"\" class=\"wp-image-132\" srcset=\"https:\/\/domuscirle.fi\/wp-content\/uploads\/2026\/01\/kaappi-2-683x1024.png 683w, https:\/\/domuscirle.fi\/wp-content\/uploads\/2026\/01\/kaappi-2-200x300.png 200w, https:\/\/domuscirle.fi\/wp-content\/uploads\/2026\/01\/kaappi-2-768x1152.png 768w, https:\/\/domuscirle.fi\/wp-content\/uploads\/2026\/01\/kaappi-2.png 1024w\" sizes=\"auto, (max-width: 683px) 100vw, 683px\" \/><\/figure>\n\n\n\n<figure class=\"wp-block-image size-large\"><img loading=\"lazy\" decoding=\"async\" width=\"683\" height=\"1024\" data-id=\"134\" src=\"https:\/\/domuscirle.fi\/wp-content\/uploads\/2026\/01\/Make-the-landscaping-683x1024.png\" alt=\"\" class=\"wp-image-134\" srcset=\"https:\/\/domuscirle.fi\/wp-content\/uploads\/2026\/01\/Make-the-landscaping-683x1024.png 683w, https:\/\/domuscirle.fi\/wp-content\/uploads\/2026\/01\/Make-the-landscaping-200x300.png 200w, https:\/\/domuscirle.fi\/wp-content\/uploads\/2026\/01\/Make-the-landscaping-768x1152.png 768w, https:\/\/domuscirle.fi\/wp-content\/uploads\/2026\/01\/Make-the-landscaping.png 1024w\" sizes=\"auto, (max-width: 683px) 100vw, 683px\" \/><\/figure>\n<\/figure>\n\n\n\n<figure class=\"wp-block-gallery has-nested-images columns-default is-cropped wp-block-gallery-4 is-layout-flex wp-block-gallery-is-layout-flex\">\n<figure class=\"wp-block-image size-large\"><img loading=\"lazy\" decoding=\"async\" width=\"683\" height=\"1024\" data-id=\"136\" src=\"https:\/\/domuscirle.fi\/wp-content\/uploads\/2026\/01\/Paranna-taustaa-puut-683x1024.png\" alt=\"\" class=\"wp-image-136\" srcset=\"https:\/\/domuscirle.fi\/wp-content\/uploads\/2026\/01\/Paranna-taustaa-puut-683x1024.png 683w, https:\/\/domuscirle.fi\/wp-content\/uploads\/2026\/01\/Paranna-taustaa-puut-200x300.png 200w, https:\/\/domuscirle.fi\/wp-content\/uploads\/2026\/01\/Paranna-taustaa-puut-768x1152.png 768w, https:\/\/domuscirle.fi\/wp-content\/uploads\/2026\/01\/Paranna-taustaa-puut.png 1024w\" sizes=\"auto, (max-width: 683px) 100vw, 683px\" \/><\/figure>\n<\/figure>\n\n\n\n<figure class=\"wp-block-gallery has-nested-images columns-default is-cropped wp-block-gallery-5 is-layout-flex wp-block-gallery-is-layout-flex\">\n<figure class=\"wp-block-image size-large\"><img loading=\"lazy\" decoding=\"async\" width=\"683\" height=\"1024\" data-id=\"139\" src=\"https:\/\/domuscirle.fi\/wp-content\/uploads\/2026\/01\/terassi-1-683x1024.png\" alt=\"\" class=\"wp-image-139\" srcset=\"https:\/\/domuscirle.fi\/wp-content\/uploads\/2026\/01\/terassi-1-683x1024.png 683w, https:\/\/domuscirle.fi\/wp-content\/uploads\/2026\/01\/terassi-1-200x300.png 200w, https:\/\/domuscirle.fi\/wp-content\/uploads\/2026\/01\/terassi-1-768x1152.png 768w, https:\/\/domuscirle.fi\/wp-content\/uploads\/2026\/01\/terassi-1.png 1024w\" sizes=\"auto, (max-width: 683px) 100vw, 683px\" \/><\/figure>\n\n\n\n<figure class=\"wp-block-image size-large\"><img loading=\"lazy\" decoding=\"async\" width=\"683\" height=\"1024\" data-id=\"140\" src=\"https:\/\/domuscirle.fi\/wp-content\/uploads\/2026\/01\/paranna-kuvan-valais-1-683x1024.png\" alt=\"\" class=\"wp-image-140\" srcset=\"https:\/\/domuscirle.fi\/wp-content\/uploads\/2026\/01\/paranna-kuvan-valais-1-683x1024.png 683w, https:\/\/domuscirle.fi\/wp-content\/uploads\/2026\/01\/paranna-kuvan-valais-1-200x300.png 200w, https:\/\/domuscirle.fi\/wp-content\/uploads\/2026\/01\/paranna-kuvan-valais-1-768x1152.png 768w, https:\/\/domuscirle.fi\/wp-content\/uploads\/2026\/01\/paranna-kuvan-valais-1.png 1024w\" sizes=\"auto, (max-width: 683px) 100vw, 683px\" \/><\/figure>\n<\/figure>\n","protected":false},"excerpt":{"rendered":"<p>Galleria<\/p>\n","protected":false},"author":1,"featured_media":0,"parent":0,"menu_order":0,"comment_status":"closed","ping_status":"closed","template":"","meta":{"_kadence_starter_templates_imported_post":false,"_kad_post_transparent":"","_kad_post_title":"","_kad_post_layout":"","_kad_post_sidebar_id":"","_kad_post_content_style":"","_kad_post_vertical_padding":"","_kad_post_feature":"","_kad_post_feature_position":"","_kad_post_header":false,"_kad_post_footer":false,"_kad_post_classname":"","footnotes":""},"class_list":["post-120","page","type-page","status-publish","hentry"],"yoast_head":"<!-- This site is optimized with the Yoast SEO plugin v26.7 - https:\/\/yoast.com\/wordpress\/plugins\/seo\/ -->\n<title>Kuvagalleria tehdyist\u00e4 t\u00f6ist\u00e4 - Domus Cirle Kuvagalleria \u2013 Domus Cirle Turku<\/title>\n<meta name=\"description\" content=\"Katso Domus Cirlen ty\u00f6n\u00e4ytteet Turusta. Kuvagalleriassa n\u00e4kyy esimerkkej\u00e4 korjauksista, asennuksista ja pihat\u00f6ist\u00e4\" \/>\n<meta name=\"robots\" content=\"index, follow, max-snippet:-1, max-image-preview:large, max-video-preview:-1\" \/>\n<link rel=\"canonical\" href=\"https:\/\/domuscirle.fi\/?page_id=120\" \/>\n<meta property=\"og:locale\" content=\"fi_FI\" \/>\n<meta property=\"og:type\" content=\"article\" \/>\n<meta property=\"og:title\" content=\"Kuvagalleria tehdyist\u00e4 t\u00f6ist\u00e4 - Domus Cirle Kuvagalleria \u2013 Domus Cirle Turku\" \/>\n<meta property=\"og:description\" content=\"Katso Domus Cirlen ty\u00f6n\u00e4ytteet Turusta. Kuvagalleriassa n\u00e4kyy esimerkkej\u00e4 korjauksista, asennuksista ja pihat\u00f6ist\u00e4\" \/>\n<meta property=\"og:url\" content=\"https:\/\/domuscirle.fi\/?page_id=120\" \/>\n<meta property=\"og:site_name\" content=\"Domus Cirle\" \/>\n<meta property=\"article:modified_time\" content=\"2026-01-10T23:15:35+00:00\" \/>\n<meta property=\"og:image\" content=\"https:\/\/domuscirle.fi\/wp-content\/uploads\/2026\/01\/Seina-683x1024.png\" \/>\n\t<meta property=\"og:image:width\" content=\"683\" \/>\n\t<meta property=\"og:image:height\" content=\"1024\" \/>\n\t<meta property=\"og:image:type\" content=\"image\/png\" \/>\n<meta name=\"twitter:card\" content=\"summary_large_image\" \/>\n<meta name=\"twitter:label1\" content=\"Arvioitu lukuaika\" \/>\n\t<meta name=\"twitter:data1\" content=\"2 minuuttia\" \/>\n<script type=\"application\/ld+json\" class=\"yoast-schema-graph\">{\"@context\":\"https:\/\/schema.org\",\"@graph\":[{\"@type\":\"WebPage\",\"@id\":\"https:\/\/domuscirle.fi\/?page_id=120\",\"url\":\"https:\/\/domuscirle.fi\/?page_id=120\",\"name\":\"Kuvagalleria tehdyist\u00e4 t\u00f6ist\u00e4 - Domus Cirle Kuvagalleria \u2013 Domus Cirle Turku\",\"isPartOf\":{\"@id\":\"https:\/\/domuscirle.fi\/#website\"},\"primaryImageOfPage\":{\"@id\":\"https:\/\/domuscirle.fi\/?page_id=120#primaryimage\"},\"image\":{\"@id\":\"https:\/\/domuscirle.fi\/?page_id=120#primaryimage\"},\"thumbnailUrl\":\"https:\/\/domuscirle.fi\/wp-content\/uploads\/2026\/01\/Seina-683x1024.png\",\"datePublished\":\"2026-01-10T12:46:18+00:00\",\"dateModified\":\"2026-01-10T23:15:35+00:00\",\"description\":\"Katso Domus Cirlen ty\u00f6n\u00e4ytteet Turusta. Kuvagalleriassa n\u00e4kyy esimerkkej\u00e4 korjauksista, asennuksista ja pihat\u00f6ist\u00e4\",\"breadcrumb\":{\"@id\":\"https:\/\/domuscirle.fi\/?page_id=120#breadcrumb\"},\"inLanguage\":\"fi\",\"potentialAction\":[{\"@type\":\"ReadAction\",\"target\":[\"https:\/\/domuscirle.fi\/?page_id=120\"]}]},{\"@type\":\"ImageObject\",\"inLanguage\":\"fi\",\"@id\":\"https:\/\/domuscirle.fi\/?page_id=120#primaryimage\",\"url\":\"https:\/\/domuscirle.fi\/wp-content\/uploads\/2026\/01\/Seina.png\",\"contentUrl\":\"https:\/\/domuscirle.fi\/wp-content\/uploads\/2026\/01\/Seina.png\",\"width\":1024,\"height\":1536},{\"@type\":\"BreadcrumbList\",\"@id\":\"https:\/\/domuscirle.fi\/?page_id=120#breadcrumb\",\"itemListElement\":[{\"@type\":\"ListItem\",\"position\":1,\"name\":\"Etusivu\",\"item\":\"https:\/\/domuscirle.fi\/\"},{\"@type\":\"ListItem\",\"position\":2,\"name\":\"Kuvagalleria tehdyist\u00e4 t\u00f6ist\u00e4\"}]},{\"@type\":\"WebSite\",\"@id\":\"https:\/\/domuscirle.fi\/#website\",\"url\":\"https:\/\/domuscirle.fi\/\",\"name\":\"Domus Cirle\",\"description\":\"\",\"publisher\":{\"@id\":\"https:\/\/domuscirle.fi\/#organization\"},\"potentialAction\":[{\"@type\":\"SearchAction\",\"target\":{\"@type\":\"EntryPoint\",\"urlTemplate\":\"https:\/\/domuscirle.fi\/?s={search_term_string}\"},\"query-input\":{\"@type\":\"PropertyValueSpecification\",\"valueRequired\":true,\"valueName\":\"search_term_string\"}}],\"inLanguage\":\"fi\"},{\"@type\":\"Organization\",\"@id\":\"https:\/\/domuscirle.fi\/#organization\",\"name\":\"Domus Cirle\",\"url\":\"https:\/\/domuscirle.fi\/\",\"logo\":{\"@type\":\"ImageObject\",\"inLanguage\":\"fi\",\"@id\":\"https:\/\/domuscirle.fi\/#\/schema\/logo\/image\/\",\"url\":\"https:\/\/domuscirle.fi\/wp-content\/uploads\/2026\/01\/cropped-cropped-Logo-1-scaled-1.png\",\"contentUrl\":\"https:\/\/domuscirle.fi\/wp-content\/uploads\/2026\/01\/cropped-cropped-Logo-1-scaled-1.png\",\"width\":2560,\"height\":751,\"caption\":\"Domus Cirle\"},\"image\":{\"@id\":\"https:\/\/domuscirle.fi\/#\/schema\/logo\/image\/\"}}]}<\/script>\n<!-- \/ Yoast SEO plugin. -->","yoast_head_json":{"title":"Kuvagalleria tehdyist\u00e4 t\u00f6ist\u00e4 - Domus Cirle Kuvagalleria \u2013 Domus Cirle Turku","description":"Katso Domus Cirlen ty\u00f6n\u00e4ytteet Turusta. Kuvagalleriassa n\u00e4kyy esimerkkej\u00e4 korjauksista, asennuksista ja pihat\u00f6ist\u00e4","robots":{"index":"index","follow":"follow","max-snippet":"max-snippet:-1","max-image-preview":"max-image-preview:large","max-video-preview":"max-video-preview:-1"},"canonical":"https:\/\/domuscirle.fi\/?page_id=120","og_locale":"fi_FI","og_type":"article","og_title":"Kuvagalleria tehdyist\u00e4 t\u00f6ist\u00e4 - Domus Cirle Kuvagalleria \u2013 Domus Cirle Turku","og_description":"Katso Domus Cirlen ty\u00f6n\u00e4ytteet Turusta. Kuvagalleriassa n\u00e4kyy esimerkkej\u00e4 korjauksista, asennuksista ja pihat\u00f6ist\u00e4","og_url":"https:\/\/domuscirle.fi\/?page_id=120","og_site_name":"Domus Cirle","article_modified_time":"2026-01-10T23:15:35+00:00","og_image":[{"width":683,"height":1024,"url":"https:\/\/domuscirle.fi\/wp-content\/uploads\/2026\/01\/Seina-683x1024.png","type":"image\/png"}],"twitter_card":"summary_large_image","twitter_misc":{"Arvioitu lukuaika":"2 minuuttia"},"schema":{"@context":"https:\/\/schema.org","@graph":[{"@type":"WebPage","@id":"https:\/\/domuscirle.fi\/?page_id=120","url":"https:\/\/domuscirle.fi\/?page_id=120","name":"Kuvagalleria tehdyist\u00e4 t\u00f6ist\u00e4 - Domus Cirle Kuvagalleria \u2013 Domus Cirle Turku","isPartOf":{"@id":"https:\/\/domuscirle.fi\/#website"},"primaryImageOfPage":{"@id":"https:\/\/domuscirle.fi\/?page_id=120#primaryimage"},"image":{"@id":"https:\/\/domuscirle.fi\/?page_id=120#primaryimage"},"thumbnailUrl":"https:\/\/domuscirle.fi\/wp-content\/uploads\/2026\/01\/Seina-683x1024.png","datePublished":"2026-01-10T12:46:18+00:00","dateModified":"2026-01-10T23:15:35+00:00","description":"Katso Domus Cirlen ty\u00f6n\u00e4ytteet Turusta. Kuvagalleriassa n\u00e4kyy esimerkkej\u00e4 korjauksista, asennuksista ja pihat\u00f6ist\u00e4","breadcrumb":{"@id":"https:\/\/domuscirle.fi\/?page_id=120#breadcrumb"},"inLanguage":"fi","potentialAction":[{"@type":"ReadAction","target":["https:\/\/domuscirle.fi\/?page_id=120"]}]},{"@type":"ImageObject","inLanguage":"fi","@id":"https:\/\/domuscirle.fi\/?page_id=120#primaryimage","url":"https:\/\/domuscirle.fi\/wp-content\/uploads\/2026\/01\/Seina.png","contentUrl":"https:\/\/domuscirle.fi\/wp-content\/uploads\/2026\/01\/Seina.png","width":1024,"height":1536},{"@type":"BreadcrumbList","@id":"https:\/\/domuscirle.fi\/?page_id=120#breadcrumb","itemListElement":[{"@type":"ListItem","position":1,"name":"Etusivu","item":"https:\/\/domuscirle.fi\/"},{"@type":"ListItem","position":2,"name":"Kuvagalleria tehdyist\u00e4 t\u00f6ist\u00e4"}]},{"@type":"WebSite","@id":"https:\/\/domuscirle.fi\/#website","url":"https:\/\/domuscirle.fi\/","name":"Domus Cirle","description":"","publisher":{"@id":"https:\/\/domuscirle.fi\/#organization"},"potentialAction":[{"@type":"SearchAction","target":{"@type":"EntryPoint","urlTemplate":"https:\/\/domuscirle.fi\/?s={search_term_string}"},"query-input":{"@type":"PropertyValueSpecification","valueRequired":true,"valueName":"search_term_string"}}],"inLanguage":"fi"},{"@type":"Organization","@id":"https:\/\/domuscirle.fi\/#organization","name":"Domus Cirle","url":"https:\/\/domuscirle.fi\/","logo":{"@type":"ImageObject","inLanguage":"fi","@id":"https:\/\/domuscirle.fi\/#\/schema\/logo\/image\/","url":"https:\/\/domuscirle.fi\/wp-content\/uploads\/2026\/01\/cropped-cropped-Logo-1-scaled-1.png","contentUrl":"https:\/\/domuscirle.fi\/wp-content\/uploads\/2026\/01\/cropped-cropped-Logo-1-scaled-1.png","width":2560,"height":751,"caption":"Domus Cirle"},"image":{"@id":"https:\/\/domuscirle.fi\/#\/schema\/logo\/image\/"}}]}},"_links":{"self":[{"href":"https:\/\/domuscirle.fi\/index.php?rest_route=\/wp\/v2\/pages\/120","targetHints":{"allow":["GET"]}}],"collection":[{"href":"https:\/\/domuscirle.fi\/index.php?rest_route=\/wp\/v2\/pages"}],"about":[{"href":"https:\/\/domuscirle.fi\/index.php?rest_route=\/wp\/v2\/types\/page"}],"author":[{"embeddable":true,"href":"https:\/\/domuscirle.fi\/index.php?rest_route=\/wp\/v2\/users\/1"}],"replies":[{"embeddable":true,"href":"https:\/\/domuscirle.fi\/index.php?rest_route=%2Fwp%2Fv2%2Fcomments&post=120"}],"version-history":[{"count":7,"href":"https:\/\/domuscirle.fi\/index.php?rest_route=\/wp\/v2\/pages\/120\/revisions"}],"predecessor-version":[{"id":143,"href":"https:\/\/domuscirle.fi\/index.php?rest_route=\/wp\/v2\/pages\/120\/revisions\/143"}],"wp:attachment":[{"href":"https:\/\/domuscirle.fi\/index.php?rest_route=%2Fwp%2Fv2%2Fmedia&parent=120"}],"curies":[{"name":"wp","href":"https:\/\/api.w.org\/{rel}","templated":true}]}}