{"id":2,"date":"2025-12-22T19:28:19","date_gmt":"2025-12-22T19:28:19","guid":{"rendered":"https:\/\/domuscirle.fi\/?page_id=2"},"modified":"2026-01-10T23:14:48","modified_gmt":"2026-01-10T23:14:48","slug":"etusivu","status":"publish","type":"page","link":"https:\/\/domuscirle.fi\/","title":{"rendered":"Etusivu"},"content":{"rendered":"\n<p class=\"has-text-color has-link-color wp-elements-8bd90244a9cd25ac15eb3b04de392b23\" style=\"color:#d4af37\">Domus Cirle \u2013 Kodin ja pihan luotettava apu Turun alueella<\/p>\n\n\n\n<p>Monipuoliset koti- ja pihapalvelut nopeasti, joustavasti ja ilman ALV\u2011lis\u00e4\u00e4.<\/p>\n\n\n\n<p class=\"has-theme-palette-9-color has-text-color has-link-color wp-elements-74998e4a3e4362ba513fdb0a46b7db9c\">Palvelen Turussa ja l\u00e4hialueilla.<br>Puhelin: <a href=\"http:\/\/+358452265923\">045 226 5923<\/a><br>S\u00e4hk\u00f6posti: <a href=\"mailto:info@domuscircle.fi\">info@domuscirle.fi<\/a><\/p>\n\n\n\n<p class=\"has-text-color has-link-color wp-elements-36090f628175134bfcc8bb82ac2852ad\" style=\"color:#d4af37\">Palvelut lyhyesti<\/p>\n\n\n\n<ul class=\"wp-block-list\">\n<li>Kodin huolto ja pienkorjaukset<\/li>\n\n\n\n<li>Piha- ja ulkoty\u00f6t<\/li>\n\n\n\n<li>Kuljetus- ja kantopalvelut<\/li>\n\n\n\n<li>Asennus- ja erikoisty\u00f6t<\/li>\n\n\n\n<li>Tietotekniikka ja opastus<\/li>\n\n\n\n<li>Arjen apu ja asiointipalvelut<\/li>\n<\/ul>\n\n\n\n<p class=\"has-text-color has-link-color wp-elements-80d5593236e026492879d9b81b1d1f81\" style=\"color:#d4af37\">Miksi valita minut<\/p>\n\n\n\n<p>Luotettava ja joustava palvelu<br>Selke\u00e4 hinnoittelu<br>Monipuolinen osaaminen<br>Nopea reagointi<br>Paikallinen toimija<\/p>\n\n\n\n<p class=\"has-text-color has-link-color wp-elements-a67c3a0f707638a138f0b6870df5f424\" style=\"color:#d4af37\">Kuka olen<\/p>\n\n\n\n<p>Olen Jan\u2011Erik, Domus Cirlen perustaja ja tekij\u00e4. Ty\u00f6skentelen Turun alueella ja tarjoan<br>k\u00e4yt\u00e4nn\u00f6nl\u00e4heist\u00e4 apua koteihin, pihoihin ja yrityksille.<br>Arvostan selkeytt\u00e4, luotettavuutta ja rehellist\u00e4 hinnoittelua.<br>Asiakkaat arvostavat erityisesti sit\u00e4, ett\u00e4 tulen paikalle sovitusti ja teen ty\u00f6n loppuun<br>asti huolellisesti.<br>Tavoitteeni on helpottaa asiakkaiden arkea ja tehd\u00e4 ty\u00f6 aina sovitusti.<\/p>\n\n\n\n<p><\/p>\n","protected":false},"excerpt":{"rendered":"<p>Domus Cirle \u2013 Kodin ja pihan luotettava apu Turun alueella Monipuoliset koti- ja pihapalvelut nopeasti, joustavasti ja ilman ALV\u2011lis\u00e4\u00e4. Palvelen Turussa ja l\u00e4hialueilla.Puhelin: 045 226 5923S\u00e4hk\u00f6posti: info@domuscirle.fi Palvelut lyhyesti Miksi valita minut Luotettava ja joustava palveluSelke\u00e4 hinnoitteluMonipuolinen osaaminenNopea reagointiPaikallinen toimija Kuka olen Olen Jan\u2011Erik, Domus Cirlen perustaja ja tekij\u00e4. Ty\u00f6skentelen Turun alueella ja tarjoank\u00e4yt\u00e4nn\u00f6nl\u00e4heist\u00e4 apua&#8230;<\/p>\n","protected":false},"author":1,"featured_media":0,"parent":0,"menu_order":0,"comment_status":"closed","ping_status":"open","template":"","meta":{"_kadence_starter_templates_imported_post":false,"_kad_post_transparent":"","_kad_post_title":"","_kad_post_layout":"","_kad_post_sidebar_id":"","_kad_post_content_style":"","_kad_post_vertical_padding":"","_kad_post_feature":"","_kad_post_feature_position":"","_kad_post_header":false,"_kad_post_footer":false,"_kad_post_classname":"","footnotes":""},"class_list":["post-2","page","type-page","status-publish","hentry"],"yoast_head":"<!-- This site is optimized with the Yoast SEO plugin v26.7 - https:\/\/yoast.com\/wordpress\/plugins\/seo\/ -->\n<title>Etusivu - Domus Cirle Domus Cirle \u2013 Kodin ja pihan apupalvelut Turussa<\/title>\n<meta name=\"description\" content=\"Luotettavat kodin ja pihan apupalvelut Turussa. Pienkorjaukset, asennukset, siivous ja pihaty\u00f6t joustavasti. Ota yhteytt\u00e4.\" \/>\n<meta name=\"robots\" content=\"index, follow, max-snippet:-1, max-image-preview:large, max-video-preview:-1\" \/>\n<link rel=\"canonical\" href=\"https:\/\/domuscirle.fi\/\" \/>\n<meta property=\"og:locale\" content=\"fi_FI\" \/>\n<meta property=\"og:type\" content=\"article\" \/>\n<meta property=\"og:title\" content=\"Etusivu - Domus Cirle Domus Cirle \u2013 Kodin ja pihan apupalvelut Turussa\" \/>\n<meta property=\"og:description\" content=\"Luotettavat kodin ja pihan apupalvelut Turussa. Pienkorjaukset, asennukset, siivous ja pihaty\u00f6t joustavasti. Ota yhteytt\u00e4.\" \/>\n<meta property=\"og:url\" content=\"https:\/\/domuscirle.fi\/\" \/>\n<meta property=\"og:site_name\" content=\"Domus Cirle\" \/>\n<meta property=\"article:modified_time\" content=\"2026-01-10T23:14:48+00:00\" \/>\n<meta name=\"twitter:card\" content=\"summary_large_image\" \/>\n<meta name=\"twitter:label1\" content=\"Arvioitu lukuaika\" \/>\n\t<meta name=\"twitter:data1\" content=\"1 minuutti\" \/>\n<script type=\"application\/ld+json\" class=\"yoast-schema-graph\">{\"@context\":\"https:\/\/schema.org\",\"@graph\":[{\"@type\":\"WebPage\",\"@id\":\"https:\/\/domuscirle.fi\/\",\"url\":\"https:\/\/domuscirle.fi\/\",\"name\":\"Etusivu - Domus Cirle Domus Cirle \u2013 Kodin ja pihan apupalvelut Turussa\",\"isPartOf\":{\"@id\":\"https:\/\/domuscirle.fi\/#website\"},\"datePublished\":\"2025-12-22T19:28:19+00:00\",\"dateModified\":\"2026-01-10T23:14:48+00:00\",\"description\":\"Luotettavat kodin ja pihan apupalvelut Turussa. Pienkorjaukset, asennukset, siivous ja pihaty\u00f6t joustavasti. Ota yhteytt\u00e4.\",\"breadcrumb\":{\"@id\":\"https:\/\/domuscirle.fi\/#breadcrumb\"},\"inLanguage\":\"fi\",\"potentialAction\":[{\"@type\":\"ReadAction\",\"target\":[\"https:\/\/domuscirle.fi\/\"]}]},{\"@type\":\"BreadcrumbList\",\"@id\":\"https:\/\/domuscirle.fi\/#breadcrumb\",\"itemListElement\":[{\"@type\":\"ListItem\",\"position\":1,\"name\":\"Etusivu\",\"item\":\"https:\/\/domuscirle.fi\/\"},{\"@type\":\"ListItem\",\"position\":2,\"name\":\"Etusivu\"}]},{\"@type\":\"WebSite\",\"@id\":\"https:\/\/domuscirle.fi\/#website\",\"url\":\"https:\/\/domuscirle.fi\/\",\"name\":\"Domus Cirle\",\"description\":\"\",\"publisher\":{\"@id\":\"https:\/\/domuscirle.fi\/#organization\"},\"potentialAction\":[{\"@type\":\"SearchAction\",\"target\":{\"@type\":\"EntryPoint\",\"urlTemplate\":\"https:\/\/domuscirle.fi\/?s={search_term_string}\"},\"query-input\":{\"@type\":\"PropertyValueSpecification\",\"valueRequired\":true,\"valueName\":\"search_term_string\"}}],\"inLanguage\":\"fi\"},{\"@type\":\"Organization\",\"@id\":\"https:\/\/domuscirle.fi\/#organization\",\"name\":\"Domus Cirle\",\"url\":\"https:\/\/domuscirle.fi\/\",\"logo\":{\"@type\":\"ImageObject\",\"inLanguage\":\"fi\",\"@id\":\"https:\/\/domuscirle.fi\/#\/schema\/logo\/image\/\",\"url\":\"https:\/\/domuscirle.fi\/wp-content\/uploads\/2026\/01\/cropped-cropped-Logo-1-scaled-1.png\",\"contentUrl\":\"https:\/\/domuscirle.fi\/wp-content\/uploads\/2026\/01\/cropped-cropped-Logo-1-scaled-1.png\",\"width\":2560,\"height\":751,\"caption\":\"Domus Cirle\"},\"image\":{\"@id\":\"https:\/\/domuscirle.fi\/#\/schema\/logo\/image\/\"}}]}<\/script>\n<!-- \/ Yoast SEO plugin. -->","yoast_head_json":{"title":"Etusivu - Domus Cirle Domus Cirle \u2013 Kodin ja pihan apupalvelut Turussa","description":"Luotettavat kodin ja pihan apupalvelut Turussa. Pienkorjaukset, asennukset, siivous ja pihaty\u00f6t joustavasti. Ota yhteytt\u00e4.","robots":{"index":"index","follow":"follow","max-snippet":"max-snippet:-1","max-image-preview":"max-image-preview:large","max-video-preview":"max-video-preview:-1"},"canonical":"https:\/\/domuscirle.fi\/","og_locale":"fi_FI","og_type":"article","og_title":"Etusivu - Domus Cirle Domus Cirle \u2013 Kodin ja pihan apupalvelut Turussa","og_description":"Luotettavat kodin ja pihan apupalvelut Turussa. Pienkorjaukset, asennukset, siivous ja pihaty\u00f6t joustavasti. Ota yhteytt\u00e4.","og_url":"https:\/\/domuscirle.fi\/","og_site_name":"Domus Cirle","article_modified_time":"2026-01-10T23:14:48+00:00","twitter_card":"summary_large_image","twitter_misc":{"Arvioitu lukuaika":"1 minuutti"},"schema":{"@context":"https:\/\/schema.org","@graph":[{"@type":"WebPage","@id":"https:\/\/domuscirle.fi\/","url":"https:\/\/domuscirle.fi\/","name":"Etusivu - Domus Cirle Domus Cirle \u2013 Kodin ja pihan apupalvelut Turussa","isPartOf":{"@id":"https:\/\/domuscirle.fi\/#website"},"datePublished":"2025-12-22T19:28:19+00:00","dateModified":"2026-01-10T23:14:48+00:00","description":"Luotettavat kodin ja pihan apupalvelut Turussa. Pienkorjaukset, asennukset, siivous ja pihaty\u00f6t joustavasti. Ota yhteytt\u00e4.","breadcrumb":{"@id":"https:\/\/domuscirle.fi\/#breadcrumb"},"inLanguage":"fi","potentialAction":[{"@type":"ReadAction","target":["https:\/\/domuscirle.fi\/"]}]},{"@type":"BreadcrumbList","@id":"https:\/\/domuscirle.fi\/#breadcrumb","itemListElement":[{"@type":"ListItem","position":1,"name":"Etusivu","item":"https:\/\/domuscirle.fi\/"},{"@type":"ListItem","position":2,"name":"Etusivu"}]},{"@type":"WebSite","@id":"https:\/\/domuscirle.fi\/#website","url":"https:\/\/domuscirle.fi\/","name":"Domus Cirle","description":"","publisher":{"@id":"https:\/\/domuscirle.fi\/#organization"},"potentialAction":[{"@type":"SearchAction","target":{"@type":"EntryPoint","urlTemplate":"https:\/\/domuscirle.fi\/?s={search_term_string}"},"query-input":{"@type":"PropertyValueSpecification","valueRequired":true,"valueName":"search_term_string"}}],"inLanguage":"fi"},{"@type":"Organization","@id":"https:\/\/domuscirle.fi\/#organization","name":"Domus Cirle","url":"https:\/\/domuscirle.fi\/","logo":{"@type":"ImageObject","inLanguage":"fi","@id":"https:\/\/domuscirle.fi\/#\/schema\/logo\/image\/","url":"https:\/\/domuscirle.fi\/wp-content\/uploads\/2026\/01\/cropped-cropped-Logo-1-scaled-1.png","contentUrl":"https:\/\/domuscirle.fi\/wp-content\/uploads\/2026\/01\/cropped-cropped-Logo-1-scaled-1.png","width":2560,"height":751,"caption":"Domus Cirle"},"image":{"@id":"https:\/\/domuscirle.fi\/#\/schema\/logo\/image\/"}}]}},"_links":{"self":[{"href":"https:\/\/domuscirle.fi\/index.php?rest_route=\/wp\/v2\/pages\/2","targetHints":{"allow":["GET"]}}],"collection":[{"href":"https:\/\/domuscirle.fi\/index.php?rest_route=\/wp\/v2\/pages"}],"about":[{"href":"https:\/\/domuscirle.fi\/index.php?rest_route=\/wp\/v2\/types\/page"}],"author":[{"embeddable":true,"href":"https:\/\/domuscirle.fi\/index.php?rest_route=\/wp\/v2\/users\/1"}],"replies":[{"embeddable":true,"href":"https:\/\/domuscirle.fi\/index.php?rest_route=%2Fwp%2Fv2%2Fcomments&post=2"}],"version-history":[{"count":10,"href":"https:\/\/domuscirle.fi\/index.php?rest_route=\/wp\/v2\/pages\/2\/revisions"}],"predecessor-version":[{"id":173,"href":"https:\/\/domuscirle.fi\/index.php?rest_route=\/wp\/v2\/pages\/2\/revisions\/173"}],"wp:attachment":[{"href":"https:\/\/domuscirle.fi\/index.php?rest_route=%2Fwp%2Fv2%2Fmedia&parent=2"}],"curies":[{"name":"wp","href":"https:\/\/api.w.org\/{rel}","templated":true}]}}