{"id":45,"date":"2025-12-23T13:23:45","date_gmt":"2025-12-23T13:23:45","guid":{"rendered":"https:\/\/domuscirle.fi\/?page_id=45"},"modified":"2026-01-10T23:16:28","modified_gmt":"2026-01-10T23:16:28","slug":"palvelut-hinnasto","status":"publish","type":"page","link":"https:\/\/domuscirle.fi\/?page_id=45","title":{"rendered":"Palvelut &#038; hinnasto"},"content":{"rendered":"\n<p class=\"has-text-color has-link-color wp-elements-4a845db30f64203539b53e2421373fd5\" style=\"color:#d4af37\">Palvelut ja hinnasto<\/p>\n\n\n\n<p>Yritys ei ole ALV\u2011velvollinen \u2013 hinnat ovat verottomia.<\/p>\n\n\n\n<p class=\"has-text-color has-link-color wp-elements-39af2fc71b4ddf28c9b33c8903fae53a\" style=\"color:#d4af37\">Kodin ja kiinteist\u00f6n huolto<\/p>\n\n\n\n<ul class=\"wp-block-list\">\n<li class=\"has-theme-palette-9-color has-text-color has-link-color wp-elements-1e3fae950d0e0e422a4aee98a913c700\">Huonekalujen korjaus ja kunnostus \u2013 40\u201350 \u20ac\/h<\/li>\n\n\n\n<li>Lamppujen vaihto \u2013 20 \u20ac \/ k\u00e4ynti tai 40 \u20ac\/h<\/li>\n\n\n\n<li>Palovaroittimien asennus \u2013 20\u201330 \u20ac \/ kpl<\/li>\n\n\n\n<li>Silikoonien vaihto \u2013 45\u201370 \u20ac \/ paikka<\/li>\n\n\n\n<li>Listoitukset ja viimeistelyty\u00f6t \u2013 40\u201350 \u20ac\/h<\/li>\n\n\n\n<li>Maalausty\u00f6t \u2013 40\u201350 \u20ac\/h<\/li>\n\n\n\n<li>Rullaverhojen asennus \u2013 20\u201335 \u20ac \/ kpl<\/li>\n\n\n\n<li>Taulujen kiinnitys \u2013 20\u201335 \u20ac<\/li>\n\n\n\n<li>TV:n sein\u00e4kiinnitys \u2013 60\u201390 \u20ac<\/li>\n\n\n\n<li>Apuv\u00e4lineiden asennus \u2013 20\u201335 \u20ac \/ paikka<\/li>\n\n\n\n<li>Muut pienet korjaus- ja apupalvelut \u2013 40\u201350 \u20ac\/h<\/li>\n<\/ul>\n\n\n\n<p class=\"has-text-color has-link-color wp-elements-a67025193f2d4a845bf93d24076df8d5\" style=\"color:#d4af37\">Piha- ja ulkoty\u00f6t<\/p>\n\n\n\n<ul class=\"wp-block-list\">\n<li>Lehtien haravointi ja puhallus \u2013 40\u201350 \u20ac\/h<\/li>\n\n\n\n<li>Nurmikon leikkuu \u2013 20\u201335 \u20ac \/ k\u00e4ynti<\/li>\n\n\n\n<li>Pensasaitojen ja oksien leikkaus \u2013 40\u201350 \u20ac\/h<\/li>\n\n\n\n<li>Puutarhaj\u00e4tteiden poisvienti \u2013 10\u201320 \u20ac \/ kuorma<\/li>\n\n\n\n<li>Lumen kolaus \u2013 20\u201335 \u20ac \/ k\u00e4ynti<\/li>\n\n\n\n<li>Lumen poisto katolta \u2013 50\u201370 \u20ac\/h<\/li>\n\n\n\n<li>R\u00e4nnien puhdistus ja sammaleen poisto \u2013 50\u201370 \u20ac\/h<\/li>\n<\/ul>\n\n\n\n<p class=\"has-text-color has-link-color wp-elements-db58c8814a2bc3863cc0f1c49eaf7f00\" style=\"color:#d4af37\">Kuljetus- ja kantopalvelut<\/p>\n\n\n\n<ul class=\"wp-block-list\">\n<li>Kantoty\u00f6t \u2013 40\u201350 \u20ac\/h<\/li>\n\n\n\n<li>Pienkuljetukset \u2013 20\u201335 \u20ac \/ k\u00e4ynti<\/li>\n\n\n\n<li>Tavaroiden siirrot pihan sis\u00e4ll\u00e4 \u2013 20\u201335 \u20ac\/h<\/li>\n\n\n\n<li>Kierr\u00e4tys- ja j\u00e4teasemakuljetus \u2013 30\u201360 \u20ac<\/li>\n\n\n\n<li>Kuolinpesien tyhjennys \u2013 40\u201350 \u20ac\/h + kulut<\/li>\n<\/ul>\n\n\n\n<p class=\"has-text-color has-link-color wp-elements-da8a227832e79ea7b6feea0970747f02\" style=\"color:#d4af37\">Asennus- ja erikoisty\u00f6t<\/p>\n\n\n\n<ul class=\"wp-block-list\">\n<li>Ikkunateippausten poistot \u2013 40\u201350 \u20ac\/h<\/li>\n\n\n\n<li>Kiuaskivien vaihto \u2013 30\u201345 \u20ac<\/li>\n\n\n\n<li>Renkaiden vaihto \u2013 20\u201335 \u20ac<\/li>\n<\/ul>\n\n\n\n<p class=\"has-text-color has-link-color wp-elements-93a3d350c68a3f829620ff9413a79327\" style=\"color:#d4af37\">Tietotekniikka ja opastus<\/p>\n\n\n\n<ul class=\"wp-block-list\">\n<li>Tietokoneiden korjaus ja opastus \u2013 40\u201350 \u20ac\/h<\/li>\n<\/ul>\n\n\n\n<p class=\"has-text-color has-link-color wp-elements-594e9051572b74423fff2b2013c3199e\" style=\"color:#d4af37\">Arjen apu ja asiointipalvelut<\/p>\n\n\n\n<ul class=\"wp-block-list\">\n<li>Kauppa- ja apteekkiasiointi \u2013 15\u201325 \u20ac \/ k\u00e4ynti<\/li>\n\n\n\n<li>Yleinen apu kodissa \u2013 20\u201335 \u20ac\/h<\/li>\n\n\n\n<li>Varastojen siivous ja j\u00e4rjestely \u2013 40\u201350 \u20ac\/h<\/li>\n<\/ul>\n\n\n\n<p class=\"has-text-color has-link-color wp-elements-bce57470f9ceec548366ba39b61f21bf\" style=\"color:#d4af37\">Kotitalousv\u00e4hennys<\/p>\n\n\n\n<p>Suurin osa n\u00e4ist\u00e4 palveluista kuuluu kotitalousv\u00e4hennyksen piiriin.<br>Voit saada verotuksessa takaisin jopa 40 % ty\u00f6n osuudesta.<br>Kotitalousv\u00e4hennys koskee esimerkiksi:<\/p>\n\n\n\n<ul class=\"wp-block-list\">\n<li>siivousta<\/li>\n\n\n\n<li>pihat\u00f6it\u00e4<\/li>\n\n\n\n<li>remontteja<\/li>\n\n\n\n<li>korjauksia<\/li>\n\n\n\n<li>asennuksia<\/li>\n\n\n\n<li>arjen apua<\/li>\n<\/ul>\n\n\n\n<p class=\"has-text-color has-link-color wp-elements-20025f31681a5ea0550a3accb9a6aa0d\" style=\"color:#d4af37\">Isommat ty\u00f6t \u2013 pyyd\u00e4 tarjous<\/p>\n\n\n\n<p>Isommista kokonaisuuksista, kuten laajemmista pihat\u00f6ist\u00e4, useamman ty\u00f6n<br>yhdistelmist\u00e4 tai kuolinpesien tyhjennyksist\u00e4, voidaan sopia erillinen tarjous.<br>N\u00e4iss\u00e4 t\u00f6iss\u00e4 hinta m\u00e4\u00e4r\u00e4ytyy ty\u00f6n laajuuden ja kohteen mukaan.<\/p>\n\n\n\n<p><\/p>\n","protected":false},"excerpt":{"rendered":"<p>Palvelut ja hinnasto Yritys ei ole ALV\u2011velvollinen \u2013 hinnat ovat verottomia. Kodin ja kiinteist\u00f6n huolto Piha- ja ulkoty\u00f6t Kuljetus- ja kantopalvelut Asennus- ja erikoisty\u00f6t Tietotekniikka ja opastus Arjen apu ja asiointipalvelut Kotitalousv\u00e4hennys Suurin osa n\u00e4ist\u00e4 palveluista kuuluu kotitalousv\u00e4hennyksen piiriin.Voit saada verotuksessa takaisin jopa 40 % ty\u00f6n osuudesta.Kotitalousv\u00e4hennys koskee esimerkiksi: Isommat ty\u00f6t \u2013 pyyd\u00e4 tarjous Isommista&#8230;<\/p>\n","protected":false},"author":1,"featured_media":0,"parent":0,"menu_order":0,"comment_status":"closed","ping_status":"closed","template":"","meta":{"_kadence_starter_templates_imported_post":false,"_kad_post_transparent":"","_kad_post_title":"","_kad_post_layout":"","_kad_post_sidebar_id":"","_kad_post_content_style":"","_kad_post_vertical_padding":"","_kad_post_feature":"","_kad_post_feature_position":"","_kad_post_header":false,"_kad_post_footer":false,"_kad_post_classname":"","footnotes":""},"class_list":["post-45","page","type-page","status-publish","hentry"],"yoast_head":"<!-- This site is optimized with the Yoast SEO plugin v26.7 - https:\/\/yoast.com\/wordpress\/plugins\/seo\/ -->\n<title>Palvelut &amp; hinnasto - Domus Cirle Palvelut ja hinnasto \u2013 Domus Cirle Turku<\/title>\n<meta name=\"description\" content=\"Domus Cirlen palvelut ja hinnasto Turussa. Pienkorjaukset, asennukset, siivous ja pihaty\u00f6t selkein hinnoin. Ota yhteytt\u00e4\" \/>\n<meta name=\"robots\" content=\"index, follow, max-snippet:-1, max-image-preview:large, max-video-preview:-1\" \/>\n<link rel=\"canonical\" href=\"https:\/\/domuscirle.fi\/?page_id=45\" \/>\n<meta property=\"og:locale\" content=\"fi_FI\" \/>\n<meta property=\"og:type\" content=\"article\" \/>\n<meta property=\"og:title\" content=\"Palvelut &amp; hinnasto - Domus Cirle Palvelut ja hinnasto \u2013 Domus Cirle Turku\" \/>\n<meta property=\"og:description\" content=\"Domus Cirlen palvelut ja hinnasto Turussa. Pienkorjaukset, asennukset, siivous ja pihaty\u00f6t selkein hinnoin. Ota yhteytt\u00e4\" \/>\n<meta property=\"og:url\" content=\"https:\/\/domuscirle.fi\/?page_id=45\" \/>\n<meta property=\"og:site_name\" content=\"Domus Cirle\" \/>\n<meta property=\"article:modified_time\" content=\"2026-01-10T23:16:28+00:00\" \/>\n<meta name=\"twitter:card\" content=\"summary_large_image\" \/>\n<meta name=\"twitter:label1\" content=\"Arvioitu lukuaika\" \/>\n\t<meta name=\"twitter:data1\" content=\"2 minuuttia\" \/>\n<script type=\"application\/ld+json\" class=\"yoast-schema-graph\">{\"@context\":\"https:\/\/schema.org\",\"@graph\":[{\"@type\":\"WebPage\",\"@id\":\"https:\/\/domuscirle.fi\/?page_id=45\",\"url\":\"https:\/\/domuscirle.fi\/?page_id=45\",\"name\":\"Palvelut & hinnasto - Domus Cirle Palvelut ja hinnasto \u2013 Domus Cirle Turku\",\"isPartOf\":{\"@id\":\"https:\/\/domuscirle.fi\/#website\"},\"datePublished\":\"2025-12-23T13:23:45+00:00\",\"dateModified\":\"2026-01-10T23:16:28+00:00\",\"description\":\"Domus Cirlen palvelut ja hinnasto Turussa. Pienkorjaukset, asennukset, siivous ja pihaty\u00f6t selkein hinnoin. Ota yhteytt\u00e4\",\"breadcrumb\":{\"@id\":\"https:\/\/domuscirle.fi\/?page_id=45#breadcrumb\"},\"inLanguage\":\"fi\",\"potentialAction\":[{\"@type\":\"ReadAction\",\"target\":[\"https:\/\/domuscirle.fi\/?page_id=45\"]}]},{\"@type\":\"BreadcrumbList\",\"@id\":\"https:\/\/domuscirle.fi\/?page_id=45#breadcrumb\",\"itemListElement\":[{\"@type\":\"ListItem\",\"position\":1,\"name\":\"Etusivu\",\"item\":\"https:\/\/domuscirle.fi\/\"},{\"@type\":\"ListItem\",\"position\":2,\"name\":\"Palvelut &#038; hinnasto\"}]},{\"@type\":\"WebSite\",\"@id\":\"https:\/\/domuscirle.fi\/#website\",\"url\":\"https:\/\/domuscirle.fi\/\",\"name\":\"Domus Cirle\",\"description\":\"\",\"publisher\":{\"@id\":\"https:\/\/domuscirle.fi\/#organization\"},\"potentialAction\":[{\"@type\":\"SearchAction\",\"target\":{\"@type\":\"EntryPoint\",\"urlTemplate\":\"https:\/\/domuscirle.fi\/?s={search_term_string}\"},\"query-input\":{\"@type\":\"PropertyValueSpecification\",\"valueRequired\":true,\"valueName\":\"search_term_string\"}}],\"inLanguage\":\"fi\"},{\"@type\":\"Organization\",\"@id\":\"https:\/\/domuscirle.fi\/#organization\",\"name\":\"Domus Cirle\",\"url\":\"https:\/\/domuscirle.fi\/\",\"logo\":{\"@type\":\"ImageObject\",\"inLanguage\":\"fi\",\"@id\":\"https:\/\/domuscirle.fi\/#\/schema\/logo\/image\/\",\"url\":\"https:\/\/domuscirle.fi\/wp-content\/uploads\/2026\/01\/cropped-cropped-Logo-1-scaled-1.png\",\"contentUrl\":\"https:\/\/domuscirle.fi\/wp-content\/uploads\/2026\/01\/cropped-cropped-Logo-1-scaled-1.png\",\"width\":2560,\"height\":751,\"caption\":\"Domus Cirle\"},\"image\":{\"@id\":\"https:\/\/domuscirle.fi\/#\/schema\/logo\/image\/\"}}]}<\/script>\n<!-- \/ Yoast SEO plugin. -->","yoast_head_json":{"title":"Palvelut & hinnasto - Domus Cirle Palvelut ja hinnasto \u2013 Domus Cirle Turku","description":"Domus Cirlen palvelut ja hinnasto Turussa. Pienkorjaukset, asennukset, siivous ja pihaty\u00f6t selkein hinnoin. Ota yhteytt\u00e4","robots":{"index":"index","follow":"follow","max-snippet":"max-snippet:-1","max-image-preview":"max-image-preview:large","max-video-preview":"max-video-preview:-1"},"canonical":"https:\/\/domuscirle.fi\/?page_id=45","og_locale":"fi_FI","og_type":"article","og_title":"Palvelut & hinnasto - Domus Cirle Palvelut ja hinnasto \u2013 Domus Cirle Turku","og_description":"Domus Cirlen palvelut ja hinnasto Turussa. Pienkorjaukset, asennukset, siivous ja pihaty\u00f6t selkein hinnoin. Ota yhteytt\u00e4","og_url":"https:\/\/domuscirle.fi\/?page_id=45","og_site_name":"Domus Cirle","article_modified_time":"2026-01-10T23:16:28+00:00","twitter_card":"summary_large_image","twitter_misc":{"Arvioitu lukuaika":"2 minuuttia"},"schema":{"@context":"https:\/\/schema.org","@graph":[{"@type":"WebPage","@id":"https:\/\/domuscirle.fi\/?page_id=45","url":"https:\/\/domuscirle.fi\/?page_id=45","name":"Palvelut & hinnasto - Domus Cirle Palvelut ja hinnasto \u2013 Domus Cirle Turku","isPartOf":{"@id":"https:\/\/domuscirle.fi\/#website"},"datePublished":"2025-12-23T13:23:45+00:00","dateModified":"2026-01-10T23:16:28+00:00","description":"Domus Cirlen palvelut ja hinnasto Turussa. Pienkorjaukset, asennukset, siivous ja pihaty\u00f6t selkein hinnoin. Ota yhteytt\u00e4","breadcrumb":{"@id":"https:\/\/domuscirle.fi\/?page_id=45#breadcrumb"},"inLanguage":"fi","potentialAction":[{"@type":"ReadAction","target":["https:\/\/domuscirle.fi\/?page_id=45"]}]},{"@type":"BreadcrumbList","@id":"https:\/\/domuscirle.fi\/?page_id=45#breadcrumb","itemListElement":[{"@type":"ListItem","position":1,"name":"Etusivu","item":"https:\/\/domuscirle.fi\/"},{"@type":"ListItem","position":2,"name":"Palvelut &#038; hinnasto"}]},{"@type":"WebSite","@id":"https:\/\/domuscirle.fi\/#website","url":"https:\/\/domuscirle.fi\/","name":"Domus Cirle","description":"","publisher":{"@id":"https:\/\/domuscirle.fi\/#organization"},"potentialAction":[{"@type":"SearchAction","target":{"@type":"EntryPoint","urlTemplate":"https:\/\/domuscirle.fi\/?s={search_term_string}"},"query-input":{"@type":"PropertyValueSpecification","valueRequired":true,"valueName":"search_term_string"}}],"inLanguage":"fi"},{"@type":"Organization","@id":"https:\/\/domuscirle.fi\/#organization","name":"Domus Cirle","url":"https:\/\/domuscirle.fi\/","logo":{"@type":"ImageObject","inLanguage":"fi","@id":"https:\/\/domuscirle.fi\/#\/schema\/logo\/image\/","url":"https:\/\/domuscirle.fi\/wp-content\/uploads\/2026\/01\/cropped-cropped-Logo-1-scaled-1.png","contentUrl":"https:\/\/domuscirle.fi\/wp-content\/uploads\/2026\/01\/cropped-cropped-Logo-1-scaled-1.png","width":2560,"height":751,"caption":"Domus Cirle"},"image":{"@id":"https:\/\/domuscirle.fi\/#\/schema\/logo\/image\/"}}]}},"_links":{"self":[{"href":"https:\/\/domuscirle.fi\/index.php?rest_route=\/wp\/v2\/pages\/45","targetHints":{"allow":["GET"]}}],"collection":[{"href":"https:\/\/domuscirle.fi\/index.php?rest_route=\/wp\/v2\/pages"}],"about":[{"href":"https:\/\/domuscirle.fi\/index.php?rest_route=\/wp\/v2\/types\/page"}],"author":[{"embeddable":true,"href":"https:\/\/domuscirle.fi\/index.php?rest_route=\/wp\/v2\/users\/1"}],"replies":[{"embeddable":true,"href":"https:\/\/domuscirle.fi\/index.php?rest_route=%2Fwp%2Fv2%2Fcomments&post=45"}],"version-history":[{"count":6,"href":"https:\/\/domuscirle.fi\/index.php?rest_route=\/wp\/v2\/pages\/45\/revisions"}],"predecessor-version":[{"id":115,"href":"https:\/\/domuscirle.fi\/index.php?rest_route=\/wp\/v2\/pages\/45\/revisions\/115"}],"wp:attachment":[{"href":"https:\/\/domuscirle.fi\/index.php?rest_route=%2Fwp%2Fv2%2Fmedia&parent=45"}],"curies":[{"name":"wp","href":"https:\/\/api.w.org\/{rel}","templated":true}]}}